{"id":488,"date":"2023-03-02T14:51:03","date_gmt":"2023-03-02T14:51:03","guid":{"rendered":"https:\/\/allergoped.net\/?page_id=488"},"modified":"2023-08-04T18:28:25","modified_gmt":"2023-08-04T18:28:25","slug":"pruebas-cutaneas","status":"publish","type":"page","link":"https:\/\/allergoped.net\/index.php\/pruebas-cutaneas\/","title":{"rendered":"Pruebas Cut\u00e1neas"},"content":{"rendered":"\n<div class=\"is-layout-flex wp-container-9 wp-block-columns alignwide\">\n<div class=\"is-layout-flow wp-block-column\">\n<p>M\u00e9todo f\u00e1cil, r\u00e1pido y muy exacto para diagnosticar enfermedades al\u00e9rgicas cr\u00f3nicas y demostrar la causa principal de su origen para posteriormente iniciar su tratamiento en base a vacunas al\u00e9rgicas tomadas o inyectadas (desensibilizaci\u00f3n) con resultados espectaculares.<br>Se recomienda ver videos de t\u00e9cnica de PRICK TEST, lectura y preparaci\u00f3n de la Inmunoterapia.<\/p>\n\n\n\n<div class=\"is-layout-flex wp-container-3 wp-block-columns\">\n<div class=\"is-layout-flow wp-block-column\">\n<figure class=\"wp-block-video\"><video controls poster=\"https:\/\/allergoped.net\/wp-content\/uploads\/2023\/03\/POSTER2.png\" preload=\"auto\" src=\"https:\/\/allergoped.net\/wp-content\/uploads\/2023\/03\/WhatsApp-Video-2023-02-18-at-09.54.47.mp4\" playsinline><\/video><\/figure>\n<\/div>\n\n\n\n<div class=\"is-layout-flow wp-block-column\">\n<figure class=\"wp-block-video\"><video controls poster=\"https:\/\/allergoped.net\/wp-content\/uploads\/2023\/03\/POSTER1-1.png\" preload=\"auto\" src=\"https:\/\/allergoped.net\/wp-content\/uploads\/2023\/03\/WhatsApp-Video-2023-02-18-at-09.55.38.mp4\" playsinline><\/video><\/figure>\n<\/div>\n<\/div>\n\n\n\n<div class=\"is-layout-flex wp-container-7 wp-block-columns\">\n<div class=\"is-layout-flow wp-block-column\">\n<figure class=\"wp-block-video\"><video controls src=\"https:\/\/allergoped.net\/wp-content\/uploads\/2023\/06\/WhatsApp-Video-2023-02-18-at-11.24.57-1.mp4\"><\/video><\/figure>\n<\/div>\n\n\n\n<div class=\"is-layout-flow wp-block-column\">\n<figure class=\"wp-block-video\"><video controls src=\"https:\/\/allergoped.net\/wp-content\/uploads\/2023\/06\/WhatsApp-Video-2023-02-18-at-11.24.57-1-1.mp4\"><\/video><\/figure>\n<\/div>\n\n\n\n<div class=\"is-layout-flow wp-block-column\">\n<figure class=\"wp-block-video\"><video controls src=\"https:\/\/allergoped.net\/wp-content\/uploads\/2023\/06\/WhatsApp-Video-2023-02-18-at-11.24.57-2.mp4\"><\/video><\/figure>\n<\/div>\n<\/div>\n\n\n\n<figure class=\"wp-block-image aligncenter size-full\"><img decoding=\"async\" loading=\"lazy\" width=\"1024\" height=\"284\" src=\"https:\/\/allergoped.net\/wp-content\/uploads\/2023\/03\/doctor-5-1024x284-1.jpg\" alt=\"\" class=\"wp-image-489\" srcset=\"https:\/\/allergoped.net\/wp-content\/uploads\/2023\/03\/doctor-5-1024x284-1.jpg 1024w, https:\/\/allergoped.net\/wp-content\/uploads\/2023\/03\/doctor-5-1024x284-1-300x83.jpg 300w, https:\/\/allergoped.net\/wp-content\/uploads\/2023\/03\/doctor-5-1024x284-1-768x213.jpg 768w\" sizes=\"(max-width: 1024px) 100vw, 1024px\" \/><\/figure>\n<\/div>\n<\/div>\n\n\n\n<div class=\"is-layout-flex wp-container-12 wp-block-columns\">\n<div class=\"is-layout-flow wp-block-column\">\n<p>Paso 1<\/p>\n\n\n\n<p>Marcado de Piel en antebrazo<\/p>\n<\/div>\n\n\n\n<div class=\"is-layout-flow wp-block-column\">\n<figure class=\"wp-block-image size-full is-resized\"><img decoding=\"async\" loading=\"lazy\" src=\"https:\/\/allergoped.net\/wp-content\/uploads\/2023\/03\/el-marcado2.jpg\" alt=\"\" class=\"wp-image-490\" width=\"331\" height=\"246\" srcset=\"https:\/\/allergoped.net\/wp-content\/uploads\/2023\/03\/el-marcado2.jpg 752w, https:\/\/allergoped.net\/wp-content\/uploads\/2023\/03\/el-marcado2-300x224.jpg 300w\" sizes=\"(max-width: 331px) 100vw, 331px\" \/><\/figure>\n<\/div>\n<\/div>\n\n\n\n<div class=\"is-layout-flex wp-container-15 wp-block-columns\">\n<div class=\"is-layout-flow wp-block-column\">\n<p>Paso 2<\/p>\n\n\n\n<p>Colocaci\u00f3n de gotitas ALERGENOS sobre la Piel<\/p>\n<\/div>\n\n\n\n<div class=\"is-layout-flow wp-block-column\">\n<figure class=\"wp-block-image size-full is-resized\"><img decoding=\"async\" loading=\"lazy\" src=\"https:\/\/allergoped.net\/wp-content\/uploads\/2023\/03\/gotilla.jpg\" alt=\"\" class=\"wp-image-491\" width=\"331\" height=\"246\" srcset=\"https:\/\/allergoped.net\/wp-content\/uploads\/2023\/03\/gotilla.jpg 322w, https:\/\/allergoped.net\/wp-content\/uploads\/2023\/03\/gotilla-300x224.jpg 300w\" sizes=\"(max-width: 331px) 100vw, 331px\" \/><\/figure>\n<\/div>\n<\/div>\n\n\n\n<div class=\"is-layout-flex wp-container-18 wp-block-columns\">\n<div class=\"is-layout-flow wp-block-column\">\n<p>Paso 3 y 4<\/p>\n\n\n\n<p>Estimulaci\u00f3n GENTIL de cada Alergeno<\/p>\n<\/div>\n\n\n\n<div class=\"is-layout-flow wp-block-column\">\n<figure class=\"wp-block-image size-full is-resized\"><img decoding=\"async\" loading=\"lazy\" src=\"https:\/\/allergoped.net\/wp-content\/uploads\/2023\/03\/piquetaso.jpg\" alt=\"\" class=\"wp-image-492\" width=\"331\" height=\"244\"\/><\/figure>\n<\/div>\n<\/div>\n\n\n\n<p class=\"has-text-align-center\"><strong><mark style=\"background-color:rgba(0, 0, 0, 0)\" class=\"has-inline-color has-primary-color\">NINGUNA PRUEBA CUT\u00c1NEA ES INYECTADA NI TRAUM\u00c1TICA.<\/mark><\/strong><\/p>\n\n\n\n<div class=\"is-layout-flex wp-container-21 wp-block-columns\">\n<div class=\"is-layout-flow wp-block-column\">\n<p>Paso 5<\/p>\n\n\n\n<p>Diez minutos despu\u00e9s, LECTURA y MEDICI\u00d3N del resultado<\/p>\n<\/div>\n\n\n\n<div class=\"is-layout-flow wp-block-column\">\n<figure class=\"wp-block-image size-full is-resized\"><img decoding=\"async\" loading=\"lazy\" src=\"https:\/\/allergoped.net\/wp-content\/uploads\/2023\/03\/midiendo-y-leyendo.jpg\" alt=\"\" class=\"wp-image-493\" width=\"331\" height=\"244\"\/><\/figure>\n<\/div>\n<\/div>\n\n\n\n<div class=\"is-layout-flex wp-container-25 wp-block-columns\">\n<div class=\"is-layout-flow wp-block-column\">\n<figure class=\"wp-block-image size-large\"><img decoding=\"async\" loading=\"lazy\" width=\"768\" height=\"1024\" src=\"https:\/\/allergoped.net\/wp-content\/uploads\/2023\/08\/resultados1-768x1024.jpg\" alt=\"\" class=\"wp-image-527\" srcset=\"https:\/\/allergoped.net\/wp-content\/uploads\/2023\/08\/resultados1-768x1024.jpg 768w, https:\/\/allergoped.net\/wp-content\/uploads\/2023\/08\/resultados1-225x300.jpg 225w, https:\/\/allergoped.net\/wp-content\/uploads\/2023\/08\/resultados1-1152x1536.jpg 1152w, https:\/\/allergoped.net\/wp-content\/uploads\/2023\/08\/resultados1.jpg 1200w\" sizes=\"(max-width: 768px) 100vw, 768px\" \/><\/figure>\n<\/div>\n\n\n\n<div class=\"is-layout-flow wp-block-column\">\n<figure class=\"wp-block-image size-large\"><img decoding=\"async\" loading=\"lazy\" width=\"768\" height=\"1024\" src=\"https:\/\/allergoped.net\/wp-content\/uploads\/2023\/08\/resultados2-768x1024.jpg\" alt=\"\" class=\"wp-image-528\" srcset=\"https:\/\/allergoped.net\/wp-content\/uploads\/2023\/08\/resultados2-768x1024.jpg 768w, https:\/\/allergoped.net\/wp-content\/uploads\/2023\/08\/resultados2-225x300.jpg 225w, https:\/\/allergoped.net\/wp-content\/uploads\/2023\/08\/resultados2-1152x1536.jpg 1152w, https:\/\/allergoped.net\/wp-content\/uploads\/2023\/08\/resultados2.jpg 1200w\" sizes=\"(max-width: 768px) 100vw, 768px\" \/><\/figure>\n<\/div>\n\n\n\n<div class=\"is-layout-flow wp-block-column\">\n<figure class=\"wp-block-image size-large\"><img decoding=\"async\" loading=\"lazy\" width=\"768\" height=\"1024\" src=\"https:\/\/allergoped.net\/wp-content\/uploads\/2023\/08\/resultados3-768x1024.jpg\" alt=\"\" class=\"wp-image-529\" srcset=\"https:\/\/allergoped.net\/wp-content\/uploads\/2023\/08\/resultados3-768x1024.jpg 768w, https:\/\/allergoped.net\/wp-content\/uploads\/2023\/08\/resultados3-225x300.jpg 225w, https:\/\/allergoped.net\/wp-content\/uploads\/2023\/08\/resultados3-1152x1536.jpg 1152w, https:\/\/allergoped.net\/wp-content\/uploads\/2023\/08\/resultados3.jpg 1200w\" sizes=\"(max-width: 768px) 100vw, 768px\" \/><\/figure>\n<\/div>\n<\/div>\n\n\n\n<p class=\"has-text-align-center has-primary-color has-text-color\"><strong>PREPARACION DE VACUNA ALERGICA EN BASE A REACCI\u00d3N DE PRUEBA CUTANEA<\/strong><\/p>\n\n\n\n<div class=\"is-layout-flex wp-container-28 wp-block-columns\">\n<div class=\"is-layout-flow wp-block-column\">\n<ul class=\"has-small-font-size\">\n<li>Reacci\u00f3n de los Alergenos<\/li>\n\n\n\n<li>\u2022 Lectura y Medici\u00f3n de Resultados<\/li>\n\n\n\n<li>\u2022 Fin de Prueba Cut\u00e1nea<\/li>\n\n\n\n<li>\u2022 Preparaci\u00f3n de Alergenos para Vacuna<\/li>\n\n\n\n<li>\u2022 Preparacion de Vacuna<\/li>\n\n\n\n<li>\u2022 Aplicaci\u00f3n de Vacuna<\/li>\n<\/ul>\n<\/div>\n\n\n\n<div class=\"is-layout-flow wp-block-column\">\n<figure class=\"wp-block-image aligncenter size-full\"><img decoding=\"async\" loading=\"lazy\" width=\"269\" height=\"201\" src=\"https:\/\/allergoped.net\/wp-content\/uploads\/2023\/03\/piquetito-1.jpg\" alt=\"\" class=\"wp-image-513\"\/><\/figure>\n<\/div>\n<\/div>\n","protected":false},"excerpt":{"rendered":"<p>M\u00e9todo f\u00e1cil, r\u00e1pido y muy exacto para diagnosticar enfermedades al\u00e9rgicas cr\u00f3nicas y demostrar la causa principal de su origen para posteriormente iniciar su tratamiento en base a vacunas al\u00e9rgicas tomadas o inyectadas (desensibilizaci\u00f3n) con resultados espectaculares.Se recomienda ver videos de t\u00e9cnica de PRICK TEST, lectura y preparaci\u00f3n de la Inmunoterapia. Paso 1 Marcado de Piel [&hellip;]<\/p>\n","protected":false},"author":1,"featured_media":0,"parent":0,"menu_order":0,"comment_status":"closed","ping_status":"closed","template":"","meta":{"ngg_post_thumbnail":0},"_links":{"self":[{"href":"https:\/\/allergoped.net\/index.php\/wp-json\/wp\/v2\/pages\/488"}],"collection":[{"href":"https:\/\/allergoped.net\/index.php\/wp-json\/wp\/v2\/pages"}],"about":[{"href":"https:\/\/allergoped.net\/index.php\/wp-json\/wp\/v2\/types\/page"}],"author":[{"embeddable":true,"href":"https:\/\/allergoped.net\/index.php\/wp-json\/wp\/v2\/users\/1"}],"replies":[{"embeddable":true,"href":"https:\/\/allergoped.net\/index.php\/wp-json\/wp\/v2\/comments?post=488"}],"version-history":[{"count":11,"href":"https:\/\/allergoped.net\/index.php\/wp-json\/wp\/v2\/pages\/488\/revisions"}],"predecessor-version":[{"id":530,"href":"https:\/\/allergoped.net\/index.php\/wp-json\/wp\/v2\/pages\/488\/revisions\/530"}],"wp:attachment":[{"href":"https:\/\/allergoped.net\/index.php\/wp-json\/wp\/v2\/media?parent=488"}],"curies":[{"name":"wp","href":"https:\/\/api.w.org\/{rel}","templated":true}]}}