{"id":458,"date":"2023-02-22T17:48:00","date_gmt":"2023-02-22T17:48:00","guid":{"rendered":"https:\/\/allergoped.net\/?page_id=458"},"modified":"2023-08-04T19:33:41","modified_gmt":"2023-08-04T19:33:41","slug":"cirugia-pediatrica","status":"publish","type":"page","link":"https:\/\/allergoped.net\/index.php\/cirugia-pediatrica\/","title":{"rendered":"Cirug\u00eda Pedi\u00e1trica"},"content":{"rendered":"\n<div class=\"is-layout-flex wp-container-5 wp-block-columns alignwide\">\n<div class=\"is-layout-flow wp-block-column\">\n<p style=\"text-align: justify;\">La cirug\u00eda pedi\u00e1trica, es la especialidad que trata los padecimientos quir\u00fargicos de los ni\u00f1os, desde reci\u00e9n nacidos hasta la adolescencia. Para ello se utiliza instrumental especialmente dise\u00f1ado para tratar sus delicados tejidos. Es por ello que deben ser operados por cirujanos pediatras certificados.<\/p>\n<p>Dentro de la patolog\u00eda m\u00e1s frecuente tenemos:<\/p>\n<ul>\n<li>Heridas y suturas<\/li>\n<li>Fimosis (circuncisi\u00f3n)<\/li>\n<li>Hernia Inguinal y Umbilical<\/li>\n<li>Test\u00edculo no descendido<\/li>\n<li>Varicocele<\/li>\n<li>Torsi\u00f3n testicular<\/li>\n<\/ul>\n<p>&nbsp;<\/p>\n<ul>\n<li>Apendicitis<\/li>\n<li>Invaginaci\u00f3n intestinal<\/li>\n<li>Hipertrofia cong\u00e9nita de p\u00edloro<\/li>\n<li>Cirug\u00eda antirreflujo (Funduplicatura de Nissen)&nbsp;<\/li>\n<li>Ingesti\u00f3n de cuerpos extra\u00f1os<\/li>\n<li>Inflamaci\u00f3n de la ves\u00edcula biliar (colecistitis)<\/li>\n<li>Polipos rectales (colonoscopia y polipectomia endosc\u00f3pica)<\/li>\n<\/ul>\n<h4>MALFORMACIONES CONGENITAS<\/h4>\n<p><\/p>\n<ul>\n<li>Cirug\u00eda Neonatal<\/li>\n<li>Malformaciones Ano Rectales y de tubo digestivo<\/li>\n<li>Hernia diafragm\u00e1tica<\/li>\n \n<li>Quiste Tirogloso<\/li>\n<li>Diverticulo de Meckel<\/li>\n<\/ul>\n<p><\/p>\n\n\n\n<p><\/p>\n<\/div>\n\n\n\n<div class=\"is-layout-flow wp-block-column\">\n<figure class=\"is-layout-flex wp-block-gallery-2 wp-block-gallery has-nested-images columns-2 is-cropped\">\n<figure class=\"wp-block-image size-full\"><a href=\"https:\/\/allergoped.net\/wp-content\/uploads\/2023\/02\/CIRUGIA-ANTIRREFLUJO-.png\"><img decoding=\"async\" loading=\"lazy\" width=\"400\" height=\"211\" src=\"https:\/\/allergoped.net\/wp-content\/uploads\/2023\/02\/CIRUGIA-ANTIRREFLUJO-.png\" alt=\"\" class=\"wp-image-459\" srcset=\"https:\/\/allergoped.net\/wp-content\/uploads\/2023\/02\/CIRUGIA-ANTIRREFLUJO-.png 400w, https:\/\/allergoped.net\/wp-content\/uploads\/2023\/02\/CIRUGIA-ANTIRREFLUJO--300x158.png 300w\" sizes=\"(max-width: 400px) 100vw, 400px\" \/><\/a><figcaption class=\"wp-element-caption\">Cirug\u00eda Antirreflujo<\/figcaption><\/figure>\n\n\n\n<figure class=\"wp-block-image size-full\"><a href=\"https:\/\/allergoped.net\/wp-content\/uploads\/2023\/02\/CIRUGIA-MINIMA-INVASION-scaled.jpg\"><img decoding=\"async\" loading=\"lazy\" width=\"1920\" height=\"2560\" src=\"https:\/\/allergoped.net\/wp-content\/uploads\/2023\/02\/CIRUGIA-MINIMA-INVASION-scaled.jpg\" alt=\"\" class=\"wp-image-464\" srcset=\"https:\/\/allergoped.net\/wp-content\/uploads\/2023\/02\/CIRUGIA-MINIMA-INVASION-scaled.jpg 1920w, https:\/\/allergoped.net\/wp-content\/uploads\/2023\/02\/CIRUGIA-MINIMA-INVASION-225x300.jpg 225w, https:\/\/allergoped.net\/wp-content\/uploads\/2023\/02\/CIRUGIA-MINIMA-INVASION-768x1024.jpg 768w, https:\/\/allergoped.net\/wp-content\/uploads\/2023\/02\/CIRUGIA-MINIMA-INVASION-1152x1536.jpg 1152w, https:\/\/allergoped.net\/wp-content\/uploads\/2023\/02\/CIRUGIA-MINIMA-INVASION-1536x2048.jpg 1536w\" sizes=\"(max-width: 1920px) 100vw, 1920px\" \/><\/a><figcaption class=\"wp-element-caption\">Cirug\u00eda m\u00ednima invasi\u00f3n<\/figcaption><\/figure>\n\n\n\n<figure class=\"wp-block-image size-full\"><a href=\"https:\/\/allergoped.net\/wp-content\/uploads\/2023\/02\/EXTRACCION-DE-CUERPO-EXTRANO.jpg\"><img decoding=\"async\" loading=\"lazy\" width=\"768\" height=\"1024\" src=\"https:\/\/allergoped.net\/wp-content\/uploads\/2023\/02\/EXTRACCION-DE-CUERPO-EXTRANO.jpg\" alt=\"\" class=\"wp-image-462\" srcset=\"https:\/\/allergoped.net\/wp-content\/uploads\/2023\/02\/EXTRACCION-DE-CUERPO-EXTRANO.jpg 768w, https:\/\/allergoped.net\/wp-content\/uploads\/2023\/02\/EXTRACCION-DE-CUERPO-EXTRANO-225x300.jpg 225w\" sizes=\"(max-width: 768px) 100vw, 768px\" \/><\/a><figcaption class=\"wp-element-caption\">Cuerpo Extra\u00f1o<\/figcaption><\/figure>\n\n\n\n<figure class=\"wp-block-image size-full\"><a href=\"https:\/\/allergoped.net\/wp-content\/uploads\/2023\/02\/LOS-NINOS-DEBEN-SER-OPERADOS-POR-CIRUJANOS-PEDIATRAS-CERTIFICADOS-.jpg\"><img decoding=\"async\" loading=\"lazy\" width=\"902\" height=\"1024\" src=\"https:\/\/allergoped.net\/wp-content\/uploads\/2023\/02\/LOS-NINOS-DEBEN-SER-OPERADOS-POR-CIRUJANOS-PEDIATRAS-CERTIFICADOS-.jpg\" alt=\"\" class=\"wp-image-463\" srcset=\"https:\/\/allergoped.net\/wp-content\/uploads\/2023\/02\/LOS-NINOS-DEBEN-SER-OPERADOS-POR-CIRUJANOS-PEDIATRAS-CERTIFICADOS-.jpg 902w, https:\/\/allergoped.net\/wp-content\/uploads\/2023\/02\/LOS-NINOS-DEBEN-SER-OPERADOS-POR-CIRUJANOS-PEDIATRAS-CERTIFICADOS--264x300.jpg 264w, https:\/\/allergoped.net\/wp-content\/uploads\/2023\/02\/LOS-NINOS-DEBEN-SER-OPERADOS-POR-CIRUJANOS-PEDIATRAS-CERTIFICADOS--768x872.jpg 768w\" sizes=\"(max-width: 902px) 100vw, 902px\" \/><\/a><\/figure>\n\n\n\n<figure class=\"wp-block-image size-full\"><a href=\"https:\/\/allergoped.net\/wp-content\/uploads\/2023\/02\/TESTICULO-NO-DESCENDIDO-jpg.jpg\"><img decoding=\"async\" loading=\"lazy\" width=\"274\" height=\"326\" src=\"https:\/\/allergoped.net\/wp-content\/uploads\/2023\/02\/TESTICULO-NO-DESCENDIDO-jpg.jpg\" alt=\"\" class=\"wp-image-460\" srcset=\"https:\/\/allergoped.net\/wp-content\/uploads\/2023\/02\/TESTICULO-NO-DESCENDIDO-jpg.jpg 274w, https:\/\/allergoped.net\/wp-content\/uploads\/2023\/02\/TESTICULO-NO-DESCENDIDO-jpg-252x300.jpg 252w\" sizes=\"(max-width: 274px) 100vw, 274px\" \/><\/a><figcaption class=\"wp-element-caption\">Testiculo no descendido<\/figcaption><\/figure>\n\n\n\n<figure class=\"wp-block-image size-full\"><a href=\"https:\/\/allergoped.net\/wp-content\/uploads\/2023\/08\/bebeOK.jpg\"><img decoding=\"async\" loading=\"lazy\" width=\"768\" height=\"1024\" src=\"https:\/\/allergoped.net\/wp-content\/uploads\/2023\/08\/bebeOK.jpg\" alt=\"\" class=\"wp-image-550\" srcset=\"https:\/\/allergoped.net\/wp-content\/uploads\/2023\/08\/bebeOK.jpg 768w, https:\/\/allergoped.net\/wp-content\/uploads\/2023\/08\/bebeOK-225x300.jpg 225w\" sizes=\"(max-width: 768px) 100vw, 768px\" \/><\/a><\/figure>\n<\/figure>\n<\/div>\n<\/div>\n","protected":false},"excerpt":{"rendered":"","protected":false},"author":1,"featured_media":0,"parent":0,"menu_order":0,"comment_status":"closed","ping_status":"closed","template":"","meta":{"ngg_post_thumbnail":0},"_links":{"self":[{"href":"https:\/\/allergoped.net\/index.php\/wp-json\/wp\/v2\/pages\/458"}],"collection":[{"href":"https:\/\/allergoped.net\/index.php\/wp-json\/wp\/v2\/pages"}],"about":[{"href":"https:\/\/allergoped.net\/index.php\/wp-json\/wp\/v2\/types\/page"}],"author":[{"embeddable":true,"href":"https:\/\/allergoped.net\/index.php\/wp-json\/wp\/v2\/users\/1"}],"replies":[{"embeddable":true,"href":"https:\/\/allergoped.net\/index.php\/wp-json\/wp\/v2\/comments?post=458"}],"version-history":[{"count":13,"href":"https:\/\/allergoped.net\/index.php\/wp-json\/wp\/v2\/pages\/458\/revisions"}],"predecessor-version":[{"id":551,"href":"https:\/\/allergoped.net\/index.php\/wp-json\/wp\/v2\/pages\/458\/revisions\/551"}],"wp:attachment":[{"href":"https:\/\/allergoped.net\/index.php\/wp-json\/wp\/v2\/media?parent=458"}],"curies":[{"name":"wp","href":"https:\/\/api.w.org\/{rel}","templated":true}]}}