{"id":31,"date":"2023-02-07T05:19:06","date_gmt":"2023-02-07T05:19:06","guid":{"rendered":"https:\/\/allergoped.net\/?page_id=31"},"modified":"2023-02-22T03:39:28","modified_gmt":"2023-02-22T03:39:28","slug":"neonatologo","status":"publish","type":"page","link":"https:\/\/allergoped.net\/index.php\/neonatologo\/","title":{"rendered":"Neonat\u00f3logo"},"content":{"rendered":"\n<div class=\"is-layout-flex wp-container-5 wp-block-columns alignwide\" style=\"margin-top:0;margin-right:0;margin-bottom:0;margin-left:0\">\n<div class=\"is-layout-flow wp-block-column\" style=\"flex-basis:41%\">\n<figure class=\"wp-block-image\"><img decoding=\"async\" loading=\"lazy\" width=\"900\" height=\"600\" src=\"https:\/\/allergoped.net\/wp-content\/uploads\/2023\/02\/atencion_especializada.jpg\" alt=\"\" class=\"wp-image-131\" srcset=\"https:\/\/allergoped.net\/wp-content\/uploads\/2023\/02\/atencion_especializada.jpg 900w, https:\/\/allergoped.net\/wp-content\/uploads\/2023\/02\/atencion_especializada-300x200.jpg 300w, https:\/\/allergoped.net\/wp-content\/uploads\/2023\/02\/atencion_especializada-768x512.jpg 768w\" sizes=\"(max-width: 900px) 100vw, 900px\" \/><\/figure>\n<\/div>\n\n\n\n<div class=\"is-layout-flow wp-block-column\" style=\"flex-basis:59%\">\n<div class=\"is-layout-flex wp-container-3 wp-block-columns\">\n<div class=\"is-layout-flow wp-block-column\" style=\"flex-basis:100%\">\n<p class=\"has-text-align-left\" style=\"line-height: 1.5; text-align: justify;\">Esta subespecialidad pedi\u00e1trica siempre me llamo la atenci\u00f3n desde mi formaci\u00f3n de pre-medicina\u2026. La primera vez que vi un ser humano que pesaba 700grs me enamore de la fragilidad y lucha por la vida que puede tener un hijo prematuro\u2026 desde ese momento luche por ser NEONATOLOGO (Especialista en bebes reci\u00e9n nacidos) sin importar su condici\u00f3n ni peso, malformaciones, infecciones, desnutrici\u00f3n materna,drogadicci\u00f3n, abuso, etc, etc y etc\u2026 que condicionaron a una nueva vida a salir a este mundo antes de tiempo o ya enfermos sin haber llorado por primera vez en un estado fisiol\u00f3gico inaceptable para la vida y su funci\u00f3n.<\/p>\n<\/div>\n<\/div>\n<\/div>\n<\/div>\n\n\n\n<div class=\"wp-block-media-text alignfull has-media-on-the-right is-stacked-on-mobile\" style=\"grid-template-columns:auto 31%\"><div class=\"wp-block-media-text__content\">\n<div class=\"is-layout-flex wp-container-7 wp-block-columns\">\n<div class=\"is-layout-flow wp-block-column\" style=\"flex-basis:100%\">\n<p style=\"text-align: justify;\">Considero personalmente que no existe una rama m\u00e9dica en que debes ser tan exacto y concentrado para devolverle a lo imposible la oportunidad m\u00e1s preciada que es la de RECIEN VIVIR, gracias a esta experiencia pedi\u00e1trica aprend\u00ed que muchas enfermedades, tristezas y esperas largas pueden llegar a un feliz t\u00e9rmino y un ni\u00f1o imposible estar en casa con sus padres.<\/p>\n<\/div>\n<\/div>\n<\/div><figure class=\"wp-block-media-text__media\"><img decoding=\"async\" loading=\"lazy\" width=\"1024\" height=\"683\" src=\"https:\/\/allergoped.net\/wp-content\/uploads\/2023\/02\/solen-feyissa-uVd1Z6Go74M-unsplash-1024x683-1.jpg\" alt=\"\" class=\"wp-image-133 size-full\" srcset=\"https:\/\/allergoped.net\/wp-content\/uploads\/2023\/02\/solen-feyissa-uVd1Z6Go74M-unsplash-1024x683-1.jpg 1024w, https:\/\/allergoped.net\/wp-content\/uploads\/2023\/02\/solen-feyissa-uVd1Z6Go74M-unsplash-1024x683-1-300x200.jpg 300w, https:\/\/allergoped.net\/wp-content\/uploads\/2023\/02\/solen-feyissa-uVd1Z6Go74M-unsplash-1024x683-1-768x512.jpg 768w\" sizes=\"(max-width: 1024px) 100vw, 1024px\" \/><\/figure><\/div>\n\n\n\n<div class=\"is-nowrap is-layout-flex wp-container-11 wp-block-group alignwide\">\n<div class=\"is-layout-flex wp-container-10 wp-block-columns alignwide are-vertically-aligned-top\">\n<div class=\"is-layout-flow wp-block-column\" style=\"flex-basis:39%\">\n<figure class=\"wp-block-image\"><img decoding=\"async\" loading=\"lazy\" width=\"468\" height=\"277\" src=\"https:\/\/allergoped.net\/wp-content\/uploads\/2023\/02\/manos-bebe-art.jpg\" alt=\"\" class=\"wp-image-134\" srcset=\"https:\/\/allergoped.net\/wp-content\/uploads\/2023\/02\/manos-bebe-art.jpg 468w, https:\/\/allergoped.net\/wp-content\/uploads\/2023\/02\/manos-bebe-art-300x178.jpg 300w\" sizes=\"(max-width: 468px) 100vw, 468px\" \/><\/figure>\n<\/div>\n\n\n\n<div class=\"is-layout-flow wp-block-column\" style=\"flex-basis:61%\">\n<p style=\"text-align: justify;\">Para terminar, no hay mejor mirada o abrazo a un dedo que la que de da un bebe agradecido por las horas de guardia cont\u00ednua que le dedicaron los neonat\u00f3logos en salvar la vida y cuando se va a casa.<br>Y no hay peor desgracia que el fracaso de perderlos despu\u00e9s de tanta labor porque la vida fue hecha para bebes que nacen bien\u2026 y para otros lo dif\u00edcil de VIVIR empieza antes de nacer\u2026..<br>Dr. Augusto Monge Ciudad.<\/p>\n<\/div>\n<\/div>\n<\/div>\n","protected":false},"excerpt":{"rendered":"<p>Esta subespecialidad pedi\u00e1trica siempre me llamo la atenci\u00f3n desde mi formaci\u00f3n de pre-medicina\u2026. La primera vez que vi un ser humano que pesaba 700grs me enamore de la fragilidad y lucha por la vida que puede tener un hijo prematuro\u2026 desde ese momento luche por ser NEONATOLOGO (Especialista en bebes reci\u00e9n nacidos) sin importar su [&hellip;]<\/p>\n","protected":false},"author":1,"featured_media":0,"parent":0,"menu_order":0,"comment_status":"closed","ping_status":"closed","template":"","meta":{"ngg_post_thumbnail":0},"_links":{"self":[{"href":"https:\/\/allergoped.net\/index.php\/wp-json\/wp\/v2\/pages\/31"}],"collection":[{"href":"https:\/\/allergoped.net\/index.php\/wp-json\/wp\/v2\/pages"}],"about":[{"href":"https:\/\/allergoped.net\/index.php\/wp-json\/wp\/v2\/types\/page"}],"author":[{"embeddable":true,"href":"https:\/\/allergoped.net\/index.php\/wp-json\/wp\/v2\/users\/1"}],"replies":[{"embeddable":true,"href":"https:\/\/allergoped.net\/index.php\/wp-json\/wp\/v2\/comments?post=31"}],"version-history":[{"count":29,"href":"https:\/\/allergoped.net\/index.php\/wp-json\/wp\/v2\/pages\/31\/revisions"}],"predecessor-version":[{"id":223,"href":"https:\/\/allergoped.net\/index.php\/wp-json\/wp\/v2\/pages\/31\/revisions\/223"}],"wp:attachment":[{"href":"https:\/\/allergoped.net\/index.php\/wp-json\/wp\/v2\/media?parent=31"}],"curies":[{"name":"wp","href":"https:\/\/api.w.org\/{rel}","templated":true}]}}